{"id":954,"date":"2022-10-14T10:19:25","date_gmt":"2022-10-14T08:19:25","guid":{"rendered":"https:\/\/www.gsu-development.com\/impressum\/"},"modified":"2023-08-23T22:08:13","modified_gmt":"2023-08-23T20:08:13","slug":"impressum","status":"publish","type":"page","link":"https:\/\/www.gsu-development.com\/de\/impressum\/","title":{"rendered":"Impressum"},"content":{"rendered":"\t\t<div data-elementor-type=\"wp-page\" data-elementor-id=\"954\" class=\"elementor elementor-954 elementor-935\" data-elementor-post-type=\"page\">\n\t\t\t\t\t\t<section class=\"ob-is-breaking-bad elementor-section elementor-top-section elementor-element elementor-element-78251fc elementor-section-full_width elementor-section-height-default elementor-section-height-default\" data-id=\"78251fc\" data-element_type=\"section\" data-e-type=\"section\" data-settings=\"{&quot;_ob_bbad_use_it&quot;:&quot;yes&quot;,&quot;_ob_bbad_sssic_use&quot;:&quot;no&quot;,&quot;_ob_glider_is_slider&quot;:&quot;no&quot;}\">\n\t\t\t\t\t\t<div class=\"elementor-container elementor-column-gap-default\">\n\t\t\t\t\t<div class=\"elementor-column elementor-col-100 elementor-top-column elementor-element elementor-element-ac1fd96\" data-id=\"ac1fd96\" data-element_type=\"column\" data-e-type=\"column\" data-settings=\"{&quot;_ob_bbad_is_stalker&quot;:&quot;no&quot;,&quot;_ob_teleporter_use&quot;:false,&quot;_ob_column_hoveranimator&quot;:&quot;no&quot;,&quot;_ob_column_has_pseudo&quot;:&quot;no&quot;}\">\n\t\t\t<div class=\"elementor-widget-wrap elementor-element-populated\">\n\t\t\t\t\t\t<div class=\"elementor-element elementor-element-dcf9781 ob-harakiri-inherit ob-has-background-overlay elementor-widget elementor-widget-heading\" data-id=\"dcf9781\" data-element_type=\"widget\" data-e-type=\"widget\" data-settings=\"{&quot;_ob_use_harakiri&quot;:&quot;yes&quot;,&quot;_ob_harakiri_writing_mode&quot;:&quot;inherit&quot;,&quot;_ob_harakiri_text_clip&quot;:&quot;none&quot;,&quot;_ob_perspektive_use&quot;:&quot;no&quot;,&quot;_ob_poopart_use&quot;:&quot;yes&quot;,&quot;_ob_shadough_use&quot;:&quot;no&quot;,&quot;_ob_allow_hoveranimator&quot;:&quot;no&quot;,&quot;_ob_widget_stalker_use&quot;:&quot;no&quot;}\" data-widget_type=\"heading.default\">\n\t\t\t\t<div class=\"elementor-widget-container\">\n\t\t\t\t\t<h2 class=\"elementor-heading-title elementor-size-default\">Impressum<\/h2>\t\t\t\t<\/div>\n\t\t\t\t<\/div>\n\t\t\t\t<div class=\"elementor-element elementor-element-6382982 ob-harakiri-inherit ob-has-background-overlay elementor-widget elementor-widget-text-editor\" data-id=\"6382982\" data-element_type=\"widget\" data-e-type=\"widget\" data-settings=\"{&quot;_ob_use_harakiri&quot;:&quot;yes&quot;,&quot;_ob_harakiri_writing_mode&quot;:&quot;inherit&quot;,&quot;_ob_postman_use&quot;:&quot;no&quot;,&quot;_ob_perspektive_use&quot;:&quot;no&quot;,&quot;_ob_poopart_use&quot;:&quot;yes&quot;,&quot;_ob_shadough_use&quot;:&quot;no&quot;,&quot;_ob_allow_hoveranimator&quot;:&quot;no&quot;,&quot;_ob_widget_stalker_use&quot;:&quot;no&quot;}\" data-widget_type=\"text-editor.default\">\n\t\t\t\t<div class=\"elementor-widget-container\">\n\t\t\t\t\t\t\t\t\t<p><span style=\"color: #000000;\"><strong>Informationspflichten gem. \u00a7 5 TMG:<\/strong><\/span><\/p><p><span style=\"color: #000000;\"><strong>Verantwortlich f\u00fcr den Inhalt<\/strong>:<\/span>\u00a0 GSU Development GmbH\u00a0 \u00a0 \u00a0 \u00a0 \u00a0 \u00a0 \u00a0<\/p><p><span style=\"color: #000000;\"><strong>Vertretungsberechtigter Gesch\u00e4ftsf\u00fchrer<\/strong>:<\/span> Saar Mizrahi<\/p><p><strong><span style=\"color: #000000;\">Anschrift<\/span><\/strong>: Greifswalder Stra\u00dfe 200, 10405 Berlin<\/p><p><span style=\"color: #000000;\"><strong>Telefon<\/strong><\/span>: +49 (0)30 99284762<\/p><p><strong><span style=\"color: #000000;\">E-Mail<\/span><\/strong>:<a href=\"mailto:info@gsu-development.com\"> info@gsu-development.com<\/a><\/p><p><strong><span style=\"color: #000000;\">Registergericht:<\/span><\/strong> Amtsgericht Charlottenburg-Wilmersdorf<\/p><p><strong><span style=\"color: #000000;\">Registernummer:<\/span><\/strong>\u00a0 HRB 241411 B<\/p><p><strong><span style=\"color: #000000;\">Stammkapital:<\/span><\/strong> 25.000 Euro<\/p><p><span style=\"color: #000000;\"><strong>Umsatzsteuer-Identifikationsnummer (USt-IdNr.) gem. \u00a7 27a UStG:<\/strong><\/span>\u00a0 DE352979891<\/p><p>Inhaltlich Verantwortlicher nach<\/p><ul><li><strong><span style=\"color: #000000;\">55 Abs. 2 RStV:<\/span><\/strong> Saar Mizrahi<\/li><\/ul>\t\t\t\t\t\t\t\t<\/div>\n\t\t\t\t<\/div>\n\t\t\t\t\t<\/div>\n\t\t<\/div>\n\t\t\t\t\t<\/div>\n\t\t<\/section>\n\t\t\t\t<\/div>\n\t\t","protected":false},"excerpt":{"rendered":"<p>Impressum Informationspflichten gem. \u00a7 5 TMG:Verantwortlich f\u00fcr den Inhalt:\u00a0 GSU Development GmbH\u00a0 \u00a0 \u00a0 \u00a0 \u00a0 \u00a0 \u00a0Vertretungsberechtigter Gesch\u00e4ftsf\u00fchrer: Saar MizrahiAnschrift: Greifswalder Stra\u00dfe 200, 10405 BerlinTelefon: +49 (0)30 99284762E-Mail: info@gsu-development.comRegistergericht: Amtsgericht Charlottenburg-WilmersdorfRegisternummer:\u00a0 HRB 241411 BStammkapital: 25.000 EuroUmsatzsteuer-Identifikationsnummer (USt-IdNr.) gem. \u00a7 27a UStG:\u00a0 DE352979891Inhaltlich Verantwortlicher nach55 Abs. 2 RStV: Saar Mizrahi<\/p>\n","protected":false},"author":1,"featured_media":0,"parent":0,"menu_order":0,"comment_status":"closed","ping_status":"closed","template":"","meta":{"footnotes":""},"class_list":["post-954","page","type-page","status-publish","hentry"],"yoast_head":"<!-- This site is optimized with the Yoast SEO plugin v24.0 - https:\/\/yoast.com\/wordpress\/plugins\/seo\/ -->\n<title>Impressum - GSU Development<\/title>\n<meta name=\"robots\" content=\"index, follow, max-snippet:-1, max-image-preview:large, max-video-preview:-1\" \/>\n<link rel=\"canonical\" href=\"https:\/\/www.gsu-development.com\/de\/impressum\/\" \/>\n<meta property=\"og:locale\" content=\"de_DE\" \/>\n<meta property=\"og:type\" content=\"article\" \/>\n<meta property=\"og:title\" content=\"Impressum - GSU Development\" \/>\n<meta property=\"og:description\" content=\"Impressum Informationspflichten gem. \u00a7 5 TMG:Verantwortlich f\u00fcr den Inhalt:\u00a0 GSU Development GmbH\u00a0 \u00a0 \u00a0 \u00a0 \u00a0 \u00a0 \u00a0Vertretungsberechtigter Gesch\u00e4ftsf\u00fchrer: Saar MizrahiAnschrift: Greifswalder Stra\u00dfe 200, 10405 BerlinTelefon: +49 (0)30 99284762E-Mail: info@gsu-development.comRegistergericht: Amtsgericht Charlottenburg-WilmersdorfRegisternummer:\u00a0 HRB 241411 BStammkapital: 25.000 EuroUmsatzsteuer-Identifikationsnummer (USt-IdNr.) gem. \u00a7 27a UStG:\u00a0 DE352979891Inhaltlich Verantwortlicher nach55 Abs. 2 RStV: Saar Mizrahi\" \/>\n<meta property=\"og:url\" content=\"https:\/\/www.gsu-development.com\/de\/impressum\/\" \/>\n<meta property=\"og:site_name\" content=\"GSU Development\" \/>\n<meta property=\"article:modified_time\" content=\"2023-08-23T20:08:13+00:00\" \/>\n<meta name=\"twitter:card\" content=\"summary_large_image\" \/>\n<script type=\"application\/ld+json\" class=\"yoast-schema-graph\">{\"@context\":\"https:\/\/schema.org\",\"@graph\":[{\"@type\":\"WebPage\",\"@id\":\"https:\/\/www.gsu-development.com\/de\/impressum\/\",\"url\":\"https:\/\/www.gsu-development.com\/de\/impressum\/\",\"name\":\"Impressum - GSU Development\",\"isPartOf\":{\"@id\":\"https:\/\/www.gsu-development.com\/#website\"},\"datePublished\":\"2022-10-14T08:19:25+00:00\",\"dateModified\":\"2023-08-23T20:08:13+00:00\",\"breadcrumb\":{\"@id\":\"https:\/\/www.gsu-development.com\/de\/impressum\/#breadcrumb\"},\"inLanguage\":\"de\",\"potentialAction\":[{\"@type\":\"ReadAction\",\"target\":[\"https:\/\/www.gsu-development.com\/de\/impressum\/\"]}]},{\"@type\":\"BreadcrumbList\",\"@id\":\"https:\/\/www.gsu-development.com\/de\/impressum\/#breadcrumb\",\"itemListElement\":[{\"@type\":\"ListItem\",\"position\":1,\"name\":\"Startseite\",\"item\":\"https:\/\/www.gsu-development.com\/de\/home-en-_new\/\"},{\"@type\":\"ListItem\",\"position\":2,\"name\":\"Impressum\"}]},{\"@type\":\"WebSite\",\"@id\":\"https:\/\/www.gsu-development.com\/#website\",\"url\":\"https:\/\/www.gsu-development.com\/\",\"name\":\"GSU Development\",\"description\":\"Wir bauen Berlin\",\"publisher\":{\"@id\":\"https:\/\/www.gsu-development.com\/#organization\"},\"potentialAction\":[{\"@type\":\"SearchAction\",\"target\":{\"@type\":\"EntryPoint\",\"urlTemplate\":\"https:\/\/www.gsu-development.com\/?s={search_term_string}\"},\"query-input\":{\"@type\":\"PropertyValueSpecification\",\"valueRequired\":true,\"valueName\":\"search_term_string\"}}],\"inLanguage\":\"de\"},{\"@type\":\"Organization\",\"@id\":\"https:\/\/www.gsu-development.com\/#organization\",\"name\":\"GSU Development\",\"url\":\"https:\/\/www.gsu-development.com\/\",\"logo\":{\"@type\":\"ImageObject\",\"inLanguage\":\"de\",\"@id\":\"https:\/\/www.gsu-development.com\/#\/schema\/logo\/image\/\",\"url\":\"https:\/\/www.gsu-development.com\/wp-content\/uploads\/2022\/09\/LOGO-GSU.png\",\"contentUrl\":\"https:\/\/www.gsu-development.com\/wp-content\/uploads\/2022\/09\/LOGO-GSU.png\",\"width\":1000,\"height\":316,\"caption\":\"GSU Development\"},\"image\":{\"@id\":\"https:\/\/www.gsu-development.com\/#\/schema\/logo\/image\/\"}}]}<\/script>\n<!-- \/ Yoast SEO plugin. -->","yoast_head_json":{"title":"Impressum - GSU Development","robots":{"index":"index","follow":"follow","max-snippet":"max-snippet:-1","max-image-preview":"max-image-preview:large","max-video-preview":"max-video-preview:-1"},"canonical":"https:\/\/www.gsu-development.com\/de\/impressum\/","og_locale":"de_DE","og_type":"article","og_title":"Impressum - GSU Development","og_description":"Impressum Informationspflichten gem. \u00a7 5 TMG:Verantwortlich f\u00fcr den Inhalt:\u00a0 GSU Development GmbH\u00a0 \u00a0 \u00a0 \u00a0 \u00a0 \u00a0 \u00a0Vertretungsberechtigter Gesch\u00e4ftsf\u00fchrer: Saar MizrahiAnschrift: Greifswalder Stra\u00dfe 200, 10405 BerlinTelefon: +49 (0)30 99284762E-Mail: info@gsu-development.comRegistergericht: Amtsgericht Charlottenburg-WilmersdorfRegisternummer:\u00a0 HRB 241411 BStammkapital: 25.000 EuroUmsatzsteuer-Identifikationsnummer (USt-IdNr.) gem. \u00a7 27a UStG:\u00a0 DE352979891Inhaltlich Verantwortlicher nach55 Abs. 2 RStV: Saar Mizrahi","og_url":"https:\/\/www.gsu-development.com\/de\/impressum\/","og_site_name":"GSU Development","article_modified_time":"2023-08-23T20:08:13+00:00","twitter_card":"summary_large_image","schema":{"@context":"https:\/\/schema.org","@graph":[{"@type":"WebPage","@id":"https:\/\/www.gsu-development.com\/de\/impressum\/","url":"https:\/\/www.gsu-development.com\/de\/impressum\/","name":"Impressum - GSU Development","isPartOf":{"@id":"https:\/\/www.gsu-development.com\/#website"},"datePublished":"2022-10-14T08:19:25+00:00","dateModified":"2023-08-23T20:08:13+00:00","breadcrumb":{"@id":"https:\/\/www.gsu-development.com\/de\/impressum\/#breadcrumb"},"inLanguage":"de","potentialAction":[{"@type":"ReadAction","target":["https:\/\/www.gsu-development.com\/de\/impressum\/"]}]},{"@type":"BreadcrumbList","@id":"https:\/\/www.gsu-development.com\/de\/impressum\/#breadcrumb","itemListElement":[{"@type":"ListItem","position":1,"name":"Startseite","item":"https:\/\/www.gsu-development.com\/de\/home-en-_new\/"},{"@type":"ListItem","position":2,"name":"Impressum"}]},{"@type":"WebSite","@id":"https:\/\/www.gsu-development.com\/#website","url":"https:\/\/www.gsu-development.com\/","name":"GSU Development","description":"Wir bauen Berlin","publisher":{"@id":"https:\/\/www.gsu-development.com\/#organization"},"potentialAction":[{"@type":"SearchAction","target":{"@type":"EntryPoint","urlTemplate":"https:\/\/www.gsu-development.com\/?s={search_term_string}"},"query-input":{"@type":"PropertyValueSpecification","valueRequired":true,"valueName":"search_term_string"}}],"inLanguage":"de"},{"@type":"Organization","@id":"https:\/\/www.gsu-development.com\/#organization","name":"GSU Development","url":"https:\/\/www.gsu-development.com\/","logo":{"@type":"ImageObject","inLanguage":"de","@id":"https:\/\/www.gsu-development.com\/#\/schema\/logo\/image\/","url":"https:\/\/www.gsu-development.com\/wp-content\/uploads\/2022\/09\/LOGO-GSU.png","contentUrl":"https:\/\/www.gsu-development.com\/wp-content\/uploads\/2022\/09\/LOGO-GSU.png","width":1000,"height":316,"caption":"GSU Development"},"image":{"@id":"https:\/\/www.gsu-development.com\/#\/schema\/logo\/image\/"}}]}},"_links":{"self":[{"href":"https:\/\/www.gsu-development.com\/de\/wp-json\/wp\/v2\/pages\/954","targetHints":{"allow":["GET"]}}],"collection":[{"href":"https:\/\/www.gsu-development.com\/de\/wp-json\/wp\/v2\/pages"}],"about":[{"href":"https:\/\/www.gsu-development.com\/de\/wp-json\/wp\/v2\/types\/page"}],"author":[{"embeddable":true,"href":"https:\/\/www.gsu-development.com\/de\/wp-json\/wp\/v2\/users\/1"}],"replies":[{"embeddable":true,"href":"https:\/\/www.gsu-development.com\/de\/wp-json\/wp\/v2\/comments?post=954"}],"version-history":[{"count":3,"href":"https:\/\/www.gsu-development.com\/de\/wp-json\/wp\/v2\/pages\/954\/revisions"}],"predecessor-version":[{"id":1085,"href":"https:\/\/www.gsu-development.com\/de\/wp-json\/wp\/v2\/pages\/954\/revisions\/1085"}],"wp:attachment":[{"href":"https:\/\/www.gsu-development.com\/de\/wp-json\/wp\/v2\/media?parent=954"}],"curies":[{"name":"wp","href":"https:\/\/api.w.org\/{rel}","templated":true}]}}